{"id":353,"date":"2026-02-05T11:00:40","date_gmt":"2026-02-05T10:00:40","guid":{"rendered":"http:\/\/eurotender.hu\/?page_id=353"},"modified":"2026-04-28T16:49:13","modified_gmt":"2026-04-28T15:49:13","slug":"castleprivacy","status":"publish","type":"page","link":"https:\/\/eurotender.hu\/?page_id=353","title":{"rendered":"CASTLE mobilapp adatv\u00e9delmi ir\u00e1nyelv"},"content":{"rendered":"<p><strong>ADATV\u00c9DELMI IR\u00c1NYELV (Privacy Policy)<\/strong><\/p>\n<ol>\n<li><strong> Kik vagyunk?<\/strong><\/li>\n<\/ol>\n<p>Az alkalmaz\u00e1s \u00fczemeltet\u0151je \u00e9s az adatok kezel\u0151je:<\/p>\n<ul>\n<li><strong>Szervezet neve:<\/strong>\u00a0<strong>D\u00e9l-Alf\u00f6ldi Eurotender, Ifj\u00fas\u00e1gi, Kultur\u00e1lis, Oktat\u00e1si \u00e9s K\u00f6rnyezetv\u00e9delmi Egyes\u00fclet <\/strong><\/li>\n<li><strong>Sz\u00e9khely:<\/strong>\u00a0<strong>6721 Szeged, J\u00f3zsef Attila sgt. 17. fsz\/2.<\/strong><\/li>\n<li><strong>Tev\u00e9kenys\u00e9g:<\/strong>\u00a0Az Eurotender Egyes\u00fclet c\u00e9lja, hogy hozz\u00e1j\u00e1ruljon az Eur\u00f3pai Uni\u00f3 struktur\u00e1lis politik\u00e1j\u00e1nak siker\u00e9hez a D\u00e9l-Alf\u00f6ld\u00f6n, a t\u00e1rsadalmi \u00e9s gazdas\u00e1gi koh\u00e9zi\u00f3 el\u0151seg\u00edt\u00e9se.<\/li>\n<\/ul>\n<ol start=\"2\">\n<li><strong> Milyen adatokat gy\u0171jt\u00fcnk?<\/strong><\/li>\n<\/ol>\n<p>Az alkalmaz\u00e1s haszn\u00e1lata sor\u00e1n az al\u00e1bbi adatokat kezelhetj\u00fck:<\/p>\n<ul>\n<li><strong>Szem\u00e9lyes adatok (regisztr\u00e1ci\u00f3 \u00e9s kapcsolatfelv\u00e9tel eset\u00e9n):<\/strong>\u00a0N\u00e9v, e-mail c\u00edm,<\/li>\n<li><strong>Technikai adatok:<\/strong>\u00a0Eszk\u00f6zazonos\u00edt\u00f3, IP-c\u00edm, oper\u00e1ci\u00f3s rendszer verzi\u00f3ja, valamint anonimiz\u00e1lt analitikai adatok (Firebase\/Google Analytics) az alkalmaz\u00e1s jav\u00edt\u00e1sa \u00e9rdek\u00e9ben.<\/li>\n<li><strong>Helyadatok:<\/strong>\u00a0Az alkalmaz\u00e1s k\u00e9rhet hozz\u00e1f\u00e9r\u00e9st a tart\u00f3zkod\u00e1si hely\u00e9hez, hogy seg\u00edtsen a navig\u00e1ci\u00f3ban a szakr\u00e1lis helyekhez.<\/li>\n<\/ul>\n<ol start=\"3\">\n<li><strong> Az adatkezel\u00e9s c\u00e9lja<\/strong><\/li>\n<\/ol>\n<p>Az adatokat kiz\u00e1r\u00f3lag az al\u00e1bbiakra haszn\u00e1ljuk:<\/p>\n<ul>\n<li><strong>Kapcsolattart\u00e1s:<\/strong>\u00a0\u00c9rtes\u00edt\u00e9s vajdas\u00e1gi illetve Csongr\u00e1d-Csan\u00e1d v\u00e1rmegyei illetve B\u00e1cs-Kiskun v\u00e1rmegyei kast\u00e9lyokr\u00f3l, \u00fatvonalakr\u00f3l,<\/li>\n<li><strong>Felhaszn\u00e1l\u00f3i \u00e9lm\u00e9ny:<\/strong>\u00a0Az alkalmaz\u00e1s funkci\u00f3inak biztos\u00edt\u00e1sa \u00e9s hibajav\u00edt\u00e1s.<\/li>\n<li><strong>Marketing:<\/strong>\u00a0H\u00edrlev\u00e9l k\u00fcld\u00e9se (kiz\u00e1r\u00f3lag k\u00fcl\u00f6n hozz\u00e1j\u00e1rul\u00e1s eset\u00e9n).<\/li>\n<\/ul>\n<ol start=\"4\">\n<li><strong> Adattov\u00e1bb\u00edt\u00e1s harmadik f\u00e9l r\u00e9sz\u00e9re<\/strong><\/li>\n<\/ol>\n<p>Az adatokat csak a szolg\u00e1ltat\u00e1s teljes\u00edt\u00e9s\u00e9hez sz\u00fcks\u00e9ges m\u00e9rt\u00e9kben adjuk \u00e1t:<\/p>\n<ul>\n<li><strong>T\u00e1rhelyszolg\u00e1ltat\u00f3:<\/strong>\u00a0Az alkalmaz\u00e1s szerver\u00e9nek \u00fczemeltet\u0151je.<\/li>\n<li><strong>Hat\u00f3s\u00e1gok:<\/strong>\u00a0Jogszab\u00e1lyi k\u00f6telezetts\u00e9g (pl. \u00e1llateg\u00e9szs\u00e9g\u00fcgyi nyilv\u00e1ntart\u00e1s) eset\u00e9n.<\/li>\n<\/ul>\n<ol start=\"5\">\n<li><strong> Az \u00d6n jogai \u00e9s az adatok t\u00f6rl\u00e9se<\/strong><\/li>\n<\/ol>\n<p>\u00d6nnek joga van:<\/p>\n<ul>\n<li>T\u00e1j\u00e9koztat\u00e1st k\u00e9rni szem\u00e9lyes adatai kezel\u00e9s\u00e9r\u0151l.<\/li>\n<li>K\u00e9rni adatainak helyesb\u00edt\u00e9s\u00e9t vagy z\u00e1rol\u00e1s\u00e1t.<\/li>\n<li><strong>Adatt\u00f6rl\u00e9s kezdem\u00e9nyez\u00e9se:<\/strong>\u00a0\u00d6n b\u00e1rmikor k\u00e9rheti adatainak v\u00e9gleges t\u00f6rl\u00e9s\u00e9t az alkalmaz\u00e1sb\u00f3l \u00e9s rendszer\u00fcnkb\u0151l az al\u00e1bbi e-mail c\u00edmen.<\/li>\n<li><strong>Fi\u00f3k t\u00f6rl\u00e9se:<\/strong>\u00a0Az alkalmaz\u00e1son bel\u00fcli be\u00e1ll\u00edt\u00e1sokban is kezdem\u00e9nyezheti fi\u00f3kja megsz\u00fcntet\u00e9s\u00e9t.<\/li>\n<\/ul>\n<ol start=\"6\">\n<li><strong> Kapcsolat \u00e9s Jog\u00e9rv\u00e9nyes\u00edt\u00e9s<\/strong><\/li>\n<\/ol>\n<p>Ha k\u00e9rd\u00e9se van, vagy \u00e9lni szeretne jogaival, keressen minket:<\/p>\n<ul>\n<li><strong>E-mail:<\/strong>\u00a0<strong>info@eurotender.hu<\/strong><\/li>\n<li><strong>Telefon:<\/strong>\u00a0<strong>+36302366396<\/strong><\/li>\n<li><strong>Weboldal:<\/strong>\u00a0<a href=\"https:\/\/eurotender.hu\">https:\/\/eurotender.hu<\/a><\/li>\n<\/ul>\n<ol start=\"7\">\n<li><strong> V\u00e1ltoz\u00e1sok<\/strong><\/li>\n<\/ol>\n<p>Fenntartjuk a jogot az ir\u00e1nyelv m\u00f3dos\u00edt\u00e1s\u00e1ra, amelyr\u0151l az alkalmaz\u00e1son bel\u00fcl \u00e9rtes\u00edtj\u00fck a felhaszn\u00e1l\u00f3kat.<\/p>\n<div class=\"fusion-tb-header\">\n<div class=\"fusion-fullwidth fullwidth-box fusion-builder-row-4 fusion-flex-container has-pattern-background has-mask-background nonhundred-percent-fullwidth non-hundred-percent-height-scrolling fusion-no-large-visibility fusion-sticky-container fusion-custom-z-index fusion-container-stuck fusion-sticky-transition\" data-transition-offset=\"0\" data-scroll-offset=\"0\" data-sticky-small-visibility=\"1\" data-sticky-medium-visibility=\"1\" data-sticky-large-visibility=\"1\" data-sticky_kit=\"true\">\n<div class=\"fusion-builder-row fusion-row fusion-flex-align-items-center fusion-flex-justify-content-space-evenly fusion-flex-content-wrap\">\n<div class=\"fusion-layout-column fusion_builder_column fusion-builder-column-7 fusion_builder_column_1_6 1_6 fusion-flex-column fusion-flex-align-self-center\" data-scroll-devices=\"small-visibility,medium-visibility,large-visibility\">\n<div class=\"fusion-column-wrapper fusion-column-has-shadow fusion-flex-justify-content-center fusion-content-layout-column\">\n<div class=\"fusion-image-element \">\u00a0<\/div>\n<\/div>\n<\/div>\n<\/div>\n<\/div>\n<div class=\"fusion-sticky-spacer\">\u00a0<\/div>\n<\/div>\n<div id=\"sliders-container\" class=\"fusion-slider-visibility\">\u00a0<\/div>\n<main id=\"main\" class=\"clearfix \">\n<div class=\"fusion-row\">\n<section id=\"content\">\n<div id=\"post-3256\" class=\"post-3256 page type-page status-publish hentry\">\n<div class=\"post-content\">\n<div class=\"fusion-fullwidth fullwidth-box fusion-builder-row-5 fusion-flex-container has-pattern-background has-mask-background nonhundred-percent-fullwidth non-hundred-percent-height-scrolling\">\n<div class=\"fusion-builder-row fusion-row fusion-flex-align-items-flex-start fusion-flex-content-wrap\">\n<div class=\"fusion-layout-column fusion_builder_column fusion-builder-column-9 fusion_builder_column_1_1 1_1 fusion-flex-column\">\n<div class=\"fusion-column-wrapper fusion-column-has-shadow fusion-flex-justify-content-flex-start fusion-content-layout-column\">\n<div class=\"fusion-text fusion-text-1\">\n<h2 class=\"fusion-responsive-typography-calculated\" data-path-to-node=\"2\" data-fontsize=\"24\" data-lineheight=\"28.8px\">Fi\u00f3kt\u00f6rl\u00e9si k\u00e9relem<\/h2>\n<p data-path-to-node=\"3\">Amennyiben t\u00f6r\u00f6lni szeretn\u00e9 CASTLE fi\u00f3kj\u00e1t \u00e9s az \u00f6sszes kapcsol\u00f3d\u00f3 szem\u00e9lyes adat\u00e1t, k\u00e9rj\u00fck, vegye fel vel\u00fcnk a kapcsolatot a <strong>info@eurotender.hu<\/strong>\u00a0e-mail c\u00edmen.<\/p>\n<p data-path-to-node=\"4\">A k\u00e9relem be\u00e9rkez\u00e9s\u00e9t k\u00f6vet\u0151en profilj\u00e1t \u00e9s minden kapcsol\u00f3d\u00f3 adat\u00e1t v\u00e9glegesen elt\u00e1vol\u00edtjuk rendszereinkb\u0151l<\/p>\n<p data-path-to-node=\"3,2\">[5]\u00a0<b data-path-to-node=\"4\" data-index-in-node=\"109\">munkanapon<\/b>\u00a0bel\u00fcl. Ez a folyamat visszaford\u00edthatatlan.<\/p>\n<\/div>\n<div class=\"fusion-text fusion-text-2\">\n<p data-path-to-node=\"3,0\"><b data-path-to-node=\"3,0\" data-index-in-node=\"0\">Account Deletion Request<\/b><\/p>\n<p data-path-to-node=\"3,1\">If you would like to delete your CASTLE account and all associated personal data, please contact us at <strong>info@eurotender.hu<\/strong>.<\/p>\n<p data-path-to-node=\"3,2\">Once we receive your request, your profile and all related data will be permanently removed from our systems within [5] business days. This process is irreversible.\u201d<\/p>\n<\/div>\n<\/div>\n<\/div>\n<\/div>\n<\/div>\n<\/div>\n<\/div>\n<\/section>\n<\/div>\n<\/main>\n\n\n\n","protected":false},"excerpt":{"rendered":"<p>ADATV\u00c9DELMI IR\u00c1NYELV (Privacy Policy) Kik vagyunk? Az alkalmaz\u00e1s \u00fczemeltet\u0151je \u00e9s az adatok kezel\u0151je: Szervezet neve:\u00a0D\u00e9l-Alf\u00f6ldi Eurotender, Ifj\u00fas\u00e1gi, Kultur\u00e1lis, Oktat\u00e1si \u00e9s K\u00f6rnyezetv\u00e9delmi Egyes\u00fclet Sz\u00e9khely:\u00a06721 Szeged, J\u00f3zsef Attila sgt. 17. fsz\/2. Tev\u00e9kenys\u00e9g:\u00a0Az Eurotender Egyes\u00fclet c\u00e9lja, hogy hozz\u00e1j\u00e1ruljon az Eur\u00f3pai Uni\u00f3 struktur\u00e1lis politik\u00e1j\u00e1nak siker\u00e9hez a D\u00e9l-Alf\u00f6ld\u00f6n, a t\u00e1rsadalmi \u00e9s gazdas\u00e1gi koh\u00e9zi\u00f3 el\u0151seg\u00edt\u00e9se. Milyen adatokat gy\u0171jt\u00fcnk? Az alkalmaz\u00e1s haszn\u00e1lata [&hellip;]<\/p>\n","protected":false},"author":1,"featured_media":0,"parent":0,"menu_order":0,"comment_status":"closed","ping_status":"closed","template":"","meta":{"footnotes":""},"class_list":["post-353","page","type-page","status-publish","hentry"],"_links":{"self":[{"href":"https:\/\/eurotender.hu\/index.php?rest_route=\/wp\/v2\/pages\/353","targetHints":{"allow":["GET"]}}],"collection":[{"href":"https:\/\/eurotender.hu\/index.php?rest_route=\/wp\/v2\/pages"}],"about":[{"href":"https:\/\/eurotender.hu\/index.php?rest_route=\/wp\/v2\/types\/page"}],"author":[{"embeddable":true,"href":"https:\/\/eurotender.hu\/index.php?rest_route=\/wp\/v2\/users\/1"}],"replies":[{"embeddable":true,"href":"https:\/\/eurotender.hu\/index.php?rest_route=%2Fwp%2Fv2%2Fcomments&post=353"}],"version-history":[{"count":3,"href":"https:\/\/eurotender.hu\/index.php?rest_route=\/wp\/v2\/pages\/353\/revisions"}],"predecessor-version":[{"id":381,"href":"https:\/\/eurotender.hu\/index.php?rest_route=\/wp\/v2\/pages\/353\/revisions\/381"}],"wp:attachment":[{"href":"https:\/\/eurotender.hu\/index.php?rest_route=%2Fwp%2Fv2%2Fmedia&parent=353"}],"curies":[{"name":"wp","href":"https:\/\/api.w.org\/{rel}","templated":true}]}}