{"id":338,"date":"2026-02-05T10:52:22","date_gmt":"2026-02-05T09:52:22","guid":{"rendered":"http:\/\/eurotender.hu\/?page_id=338"},"modified":"2026-05-04T09:02:37","modified_gmt":"2026-05-04T08:02:37","slug":"castle-projekt","status":"publish","type":"page","link":"https:\/\/eurotender.hu\/?page_id=338","title":{"rendered":"CASTLE projekt"},"content":{"rendered":"<div class=\"bg-castle-burgundy\/5 border-l-4 border-castle-gold p-6 rounded-r-2xl my-8 italic text-castle-burgundy text-lg leading-relaxed shadow-sm\">A CASTLE projekt c\u00e9lja a Magyarorsz\u00e1g\u2013Szerbia hat\u00e1rr\u00e9gi\u00f3 kast\u00e9lyainak \u00e9s er\u0151d\u00edtm\u00e9nyeinek kultur\u00e1lis \u00e9s t\u00f6rt\u00e9nelmi \u00e9rt\u00e9keinek n\u00e9pszer\u0171s\u00edt\u00e9se, meg\u0151rz\u00e9se \u00e9s \u00e9rt\u00e9kn\u00f6vel\u00e9se.<\/div>\n<section class=\"mb-10 animate-fade-in\">\n<div class=\"text-sacred-text leading-relaxed space-y-4\">\n<p class=\"font-bold text-castle-burgundy\/90\">Hozz\u00e1j\u00e1rul a turizmus fellend\u00edt\u00e9s\u00e9hez, er\u0151s\u00edti a fiatal gener\u00e1ci\u00f3k kultur\u00e1lis \u00f6r\u00f6ks\u00e9gtudatoss\u00e1g\u00e1t, valamint el\u0151seg\u00edti a hat\u00e1ron \u00e1tny\u00fal\u00f3 egy\u00fcttm\u0171k\u00f6d\u00e9st oktat\u00e1si anyagok, k\u00e9pz\u00e9sek, digit\u00e1lis megold\u00e1sok \u00e9s audiovizu\u00e1lis tartalmak k\u00e9sz\u00edt\u00e9se r\u00e9v\u00e9n.<\/p>\nSzerb \u00e9s magyar szervezetek k\u00f6z\u00f6tti egy\u00fcttm\u0171k\u00f6d\u00e9s, amelynek c\u00e9lja a Vajdas\u00e1gban tal\u00e1lhat\u00f3 B\u00e1ns\u00e1g r\u00e9gi\u00f3, valamint a magyarorsz\u00e1gi Csongr\u00e1d-Csan\u00e1d \u00e9s B\u00e1cs-Kiskun megy\u00e9k kast\u00e9lyainak \u00e9s er\u0151d\u00edtm\u00e9nyeinek k\u00f6z\u00f6s n\u00e9pszer\u0171s\u00edt\u00e9se.\n\n<\/div>\n<\/section>\n<section class=\"mb-10 animate-fade-in\">\n<div class=\"flex items-center gap-3 mb-4\">\n<h3 class=\"text-xl font-serif font-black text-castle-burgundy uppercase tracking-tight\">Tev\u00e9kenys\u00e9geink<\/h3>\n<\/div>\n<div class=\"text-sacred-text leading-relaxed space-y-4\">\n<ul class=\"space-y-4\">\n \t<li class=\"flex gap-3\"><span class=\"text-sacred-text\">Oktat\u00e1si seg\u00e9danyagok kidolgoz\u00e1sa mindk\u00e9t r\u00e9gi\u00f3 iskol\u00e1i sz\u00e1m\u00e1ra.<\/span><\/li>\n \t<li class=\"flex gap-3\"><span class=\"text-sacred-text\">Speci\u00e1lis pedag\u00f3gus-k\u00e9pz\u00e9sek az eszk\u00f6z\u00f6k hat\u00e9kony haszn\u00e1lat\u00e1\u00e9rt.<\/span><\/li>\n \t<li class=\"flex gap-3\"><span class=\"text-sacred-text\">Egyhetes ifj\u00fas\u00e1gi k\u00e9pz\u00e9sek: helyt\u00f6rt\u00e9neti kutat\u00e1s, \u00edr\u00e1s, fot\u00f3z\u00e1s \u00e9s vide\u00f3k\u00e9sz\u00edt\u00e9s.<\/span><\/li>\n \t<li class=\"flex gap-3\"><span class=\"text-sacred-text\">Digit\u00e1lis innov\u00e1ci\u00f3: Weboldal \u00e9s mobilalkalmaz\u00e1s a t\u00f6rt\u00e9nelmi helysz\u00ednek felfedez\u00e9s\u00e9hez.<\/span><\/li>\n<\/ul>\n<\/div>\nA projekt mobilapplik\u00e1ci\u00f3j\u00e1nak let\u00f6lt\u00e9se:\n<h1><a href=\"https:\/\/play.google.com\/store\/apps\/details?id=app.web.castle_app_952ed.twa\">Android<\/a><\/h1>\n<h1><a href=\"https:\/\/castle-app-952ed.web.app\/\">IOS<\/a><\/h1>\n<\/section><a href=\"https:\/\/eurotender.hu\/?page_id=353\">A mobilapp adatv\u00e9delmi ir\u00e1nyelve.<\/a>\n<h1>A projekt sor\u00e1n k\u00e9sz\u00edtett dokumentuk innen t\u00f6lthet\u0151k le:<\/h1>\n<h2><a href=\"https:\/\/eurotender.hu\/wp-content\/uploads\/CASTLE-tananyag.pdf\">Tananyag<\/a><\/h2>\n<h2><a href=\"https:\/\/eurotender.hu\/wp-content\/uploads\/CASTLE-Strukturalt_oktatasi_program.pdf\">Struktur\u00e1lt oktat\u00e1si program<\/a><\/h2>\n<h2><a href=\"https:\/\/eurotender.hu\/wp-content\/uploads\/CASTLE-Oratervek_es_feladatsorok.pdf\">\u00d3ratervek \u00e9s feladatsorok<\/a><\/h2>","protected":false},"excerpt":{"rendered":"<p>A CASTLE projekt c\u00e9lja a Magyarorsz\u00e1g\u2013Szerbia hat\u00e1rr\u00e9gi\u00f3 kast\u00e9lyainak \u00e9s er\u0151d\u00edtm\u00e9nyeinek kultur\u00e1lis \u00e9s t\u00f6rt\u00e9nelmi \u00e9rt\u00e9keinek n\u00e9pszer\u0171s\u00edt\u00e9se, meg\u0151rz\u00e9se \u00e9s \u00e9rt\u00e9kn\u00f6vel\u00e9se. Hozz\u00e1j\u00e1rul a turizmus fellend\u00edt\u00e9s\u00e9hez, er\u0151s\u00edti a fiatal gener\u00e1ci\u00f3k kultur\u00e1lis \u00f6r\u00f6ks\u00e9gtudatoss\u00e1g\u00e1t, valamint el\u0151seg\u00edti a hat\u00e1ron \u00e1tny\u00fal\u00f3 egy\u00fcttm\u0171k\u00f6d\u00e9st oktat\u00e1si anyagok, k\u00e9pz\u00e9sek, digit\u00e1lis megold\u00e1sok \u00e9s audiovizu\u00e1lis tartalmak k\u00e9sz\u00edt\u00e9se r\u00e9v\u00e9n. Szerb \u00e9s magyar szervezetek k\u00f6z\u00f6tti egy\u00fcttm\u0171k\u00f6d\u00e9s, amelynek c\u00e9lja a Vajdas\u00e1gban tal\u00e1lhat\u00f3 [&hellip;]<\/p>\n","protected":false},"author":1,"featured_media":0,"parent":347,"menu_order":0,"comment_status":"closed","ping_status":"closed","template":"","meta":{"footnotes":""},"class_list":["post-338","page","type-page","status-publish","hentry"],"_links":{"self":[{"href":"https:\/\/eurotender.hu\/index.php?rest_route=\/wp\/v2\/pages\/338","targetHints":{"allow":["GET"]}}],"collection":[{"href":"https:\/\/eurotender.hu\/index.php?rest_route=\/wp\/v2\/pages"}],"about":[{"href":"https:\/\/eurotender.hu\/index.php?rest_route=\/wp\/v2\/types\/page"}],"author":[{"embeddable":true,"href":"https:\/\/eurotender.hu\/index.php?rest_route=\/wp\/v2\/users\/1"}],"replies":[{"embeddable":true,"href":"https:\/\/eurotender.hu\/index.php?rest_route=%2Fwp%2Fv2%2Fcomments&post=338"}],"version-history":[{"count":17,"href":"https:\/\/eurotender.hu\/index.php?rest_route=\/wp\/v2\/pages\/338\/revisions"}],"predecessor-version":[{"id":384,"href":"https:\/\/eurotender.hu\/index.php?rest_route=\/wp\/v2\/pages\/338\/revisions\/384"}],"up":[{"embeddable":true,"href":"https:\/\/eurotender.hu\/index.php?rest_route=\/wp\/v2\/pages\/347"}],"wp:attachment":[{"href":"https:\/\/eurotender.hu\/index.php?rest_route=%2Fwp%2Fv2%2Fmedia&parent=338"}],"curies":[{"name":"wp","href":"https:\/\/api.w.org\/{rel}","templated":true}]}}