{"id":32,"date":"2014-12-12T13:41:23","date_gmt":"2014-12-12T12:41:23","guid":{"rendered":"http:\/\/eurotender.hu\/?page_id=32"},"modified":"2026-02-26T15:22:52","modified_gmt":"2026-02-26T14:22:52","slug":"dokumentumok","status":"publish","type":"page","link":"https:\/\/eurotender.hu\/?page_id=32","title":{"rendered":"Dokumentumok"},"content":{"rendered":"<p style=\"text-align: left;\"><a href=\"https:\/\/eurotender.hu\/wp-content\/uploads\/SZIN-\u00e9l\u0151-k\u00f6nyvt\u00e1r-\u00fatmutat\u00f3_webversion.pdf\" target=\"_blank\">SZIN \u00e9l\u0151 k\u00f6nyvt\u00e1r \u00fatmutat\u00f3<\/a><\/p>\r\n<p style=\"text-align: left;\"><a href=\"https:\/\/eurotender.hu\/wp-content\/uploads\/Eurotenderprivacypolicy.pdf\">MOBILE APP privacy policy<\/a><\/p>\r\n<p style=\"text-align: left;\"><a href=\"https:\/\/eurotender.hu\/wp-content\/uploads\/Eurotender.adatv\u00e9delmi.pdf\" target=\"_blank\">Mobilapplik\u00e1ci\u00f3 adatv\u00e9delmi ir\u00e1nyelv<\/a><\/p>\r\n<p style=\"text-align: left;\"><a href=\"https:\/\/eurotender.hu\/wp-content\/uploads\/2017\/03\/PIF_HUNGARY_Eurotender-Association.doc\">Up-to-date PIF for Erasmus+ projects<\/a><\/p>\r\n<p style=\"text-align: left;\"><a href=\"https:\/\/eurotender.hu\/wp-content\/uploads\/2016\/03\/PAGEO-kiadv\u00e1ny-v\u00e9gleges.pdf\">Az \u00e9letvitelszer\u0171en k\u00fclf\u00f6ld\u00f6n tart\u00f3zkod\u00f3 magyar fiatalok munkav\u00e1llal\u00e1si \u00e9s migr\u00e1ci\u00f3s strat\u00e9gi\u00e1i k\u00f6tet <\/a><\/p>\r\n<p style=\"text-align: left;\"><a href=\"https:\/\/eurotender.hu\/wp-content\/uploads\/2015\/01\/alapszab\u00e1ly.pdf\">Egyes\u00fclet\u00fcnk alapszab\u00e1lya <\/a><\/p>\r\n<p style=\"text-align: left;\"><a href=\"https:\/\/eurotender.hu\/wp-content\/uploads\/2015\/01\/eurotender_col_logo.jpg\">Let\u00f6lthet\u0151 logo<\/a><\/p>\r\n<p style=\"text-align: left;\"><a href=\"https:\/\/eurotender.hu\/wp-content\/uploads\/2015\/02\/eurotendersz\u00f3r\u00f3.pdf\">Angol nyelv\u0171 sz\u00f3r\u00f3lap\/English leaflet<\/a><\/p>\r\n<p style=\"text-align: left;\"><a href=\"https:\/\/eurotender.hu\/wp-content\/uploads\/2015\/01\/Eurotender-besz\u00e1mol\u00f3-2006.pdf\">Eurotender &#8211; besz\u00e1mol\u00f3 2006<\/a><\/p>\r\n<p style=\"text-align: left;\"><a href=\"https:\/\/eurotender.hu\/wp-content\/uploads\/2015\/01\/Eurotender-besz\u00e1mol\u00f3-2007.pdf\">Eurotender &#8211; besz\u00e1mol\u00f3 2007<\/a><\/p>\r\n<p style=\"text-align: left;\"><a href=\"https:\/\/eurotender.hu\/wp-content\/uploads\/2015\/01\/Eurotender-besz\u00e1mol\u00f3-2008.pdf\">Eurotender &#8211; besz\u00e1mol\u00f3 2008<\/a><\/p>\r\n<p style=\"text-align: left;\"><a href=\"https:\/\/eurotender.hu\/wp-content\/uploads\/2015\/02\/Eurotender-besz\u00e1mol\u00f3-2009.pdf\">Eurotender &#8211; besz\u00e1mol\u00f3 2009<\/a><\/p>\r\n<p style=\"text-align: left;\"><a href=\"https:\/\/eurotender.hu\/wp-content\/uploads\/2015\/02\/Eurotender-besz\u00e1mol\u00f3-2010.pdf\">Eurotender &#8211; besz\u00e1mol\u00f3 2010<\/a><\/p>\r\n<p style=\"text-align: left;\"><a href=\"https:\/\/eurotender.hu\/wp-content\/uploads\/2015\/01\/Eurotender-besz\u00e1mol\u00f3-2011.pdf\">Eurotender &#8211; besz\u00e1mol\u00f3 2011<\/a><\/p>\r\n<p style=\"text-align: left;\"><a href=\"https:\/\/eurotender.hu\/wp-content\/uploads\/2015\/01\/Eurotender-besz\u00e1mol\u00f3-2012.pdf\">Eurotender &#8211; besz\u00e1mol\u00f3 2012<\/a><\/p>\r\n<p style=\"text-align: left;\"><a href=\"https:\/\/eurotender.hu\/wp-content\/uploads\/2015\/01\/Eurotender-besz\u00e1mol\u00f3-2013.pdf\">Eurotender &#8211; besz\u00e1mol\u00f3 2013<\/a><\/p>\r\n<p style=\"text-align: left;\"><a href=\"https:\/\/eurotender.hu\/wp-content\/uploads\/2016\/01\/Eurotender.2014.besz\u00e1mol\u00f3.pdf\">Eurotender &#8211; besz\u00e1mol\u00f3 2014<\/a><\/p>\r\n<p style=\"text-align: left;\"><a href=\"https:\/\/eurotender.hu\/wp-content\/uploads\/2019\/11\/besz\u00e1mol\u00f32015.pdf\">Eurotender &#8211; besz\u00e1mol\u00f3 2015<\/a><\/p>\r\n<p style=\"text-align: left;\"><a href=\"https:\/\/eurotender.hu\/wp-content\/uploads\/2019\/11\/besz\u00e1mol\u00f32016.pdf\">Eurotender &#8211; besz\u00e1mol\u00f3 2016<\/a><\/p>\r\n<p style=\"text-align: left;\"><a href=\"https:\/\/eurotender.hu\/wp-content\/uploads\/2019\/11\/besz\u00e1mol\u00f32017.pdf\">Eurotender &#8211; besz\u00e1mol\u00f3 2017<\/a><\/p>\r\n<p style=\"text-align: left;\"><a href=\"https:\/\/eurotender.hu\/wp-content\/uploads\/2019\/11\/besz\u00e1mol\u00f32018.pdf\">Eurotender &#8211; besz\u00e1mol\u00f3 2018<\/a><\/p>\r\n<p style=\"text-align: left;\"><a href=\"https:\/\/eurotender.hu\/wp-content\/uploads\/Ajanlatkeres_CASTLE.kutat\u00e1s.pdf\">CASTLE aj\u00e1nlatk\u00e9r\u00e9s &#8211; kutat\u00e1s<\/a><\/p>\r\n<p style=\"text-align: left;\"><a href=\"https:\/\/eurotender.hu\/wp-content\/uploads\/Ajanlatkeres_CASTLE.film_.pdf\">CASTLE aj\u00e1nlatk\u00e9r\u00e9s &#8211; film<\/a><\/p>\r\n&nbsp;","protected":false},"excerpt":{"rendered":"<p>SZIN \u00e9l\u0151 k\u00f6nyvt\u00e1r \u00fatmutat\u00f3 MOBILE APP privacy policy Mobilapplik\u00e1ci\u00f3 adatv\u00e9delmi ir\u00e1nyelv Up-to-date PIF for Erasmus+ projects Az \u00e9letvitelszer\u0171en k\u00fclf\u00f6ld\u00f6n tart\u00f3zkod\u00f3 magyar fiatalok munkav\u00e1llal\u00e1si \u00e9s migr\u00e1ci\u00f3s strat\u00e9gi\u00e1i k\u00f6tet Egyes\u00fclet\u00fcnk alapszab\u00e1lya Let\u00f6lthet\u0151 logo Angol nyelv\u0171 sz\u00f3r\u00f3lap\/English leaflet Eurotender &#8211; besz\u00e1mol\u00f3 2006 Eurotender &#8211; besz\u00e1mol\u00f3 2007 Eurotender &#8211; besz\u00e1mol\u00f3 2008 Eurotender &#8211; besz\u00e1mol\u00f3 2009 Eurotender &#8211; besz\u00e1mol\u00f3 2010 [&hellip;]<\/p>\n","protected":false},"author":1,"featured_media":0,"parent":0,"menu_order":0,"comment_status":"closed","ping_status":"open","template":"","meta":{"footnotes":""},"class_list":["post-32","page","type-page","status-publish","hentry"],"_links":{"self":[{"href":"https:\/\/eurotender.hu\/index.php?rest_route=\/wp\/v2\/pages\/32","targetHints":{"allow":["GET"]}}],"collection":[{"href":"https:\/\/eurotender.hu\/index.php?rest_route=\/wp\/v2\/pages"}],"about":[{"href":"https:\/\/eurotender.hu\/index.php?rest_route=\/wp\/v2\/types\/page"}],"author":[{"embeddable":true,"href":"https:\/\/eurotender.hu\/index.php?rest_route=\/wp\/v2\/users\/1"}],"replies":[{"embeddable":true,"href":"https:\/\/eurotender.hu\/index.php?rest_route=%2Fwp%2Fv2%2Fcomments&post=32"}],"version-history":[{"count":38,"href":"https:\/\/eurotender.hu\/index.php?rest_route=\/wp\/v2\/pages\/32\/revisions"}],"predecessor-version":[{"id":362,"href":"https:\/\/eurotender.hu\/index.php?rest_route=\/wp\/v2\/pages\/32\/revisions\/362"}],"wp:attachment":[{"href":"https:\/\/eurotender.hu\/index.php?rest_route=%2Fwp%2Fv2%2Fmedia&parent=32"}],"curies":[{"name":"wp","href":"https:\/\/api.w.org\/{rel}","templated":true}]}}