{"id":29,"date":"2014-12-12T13:41:08","date_gmt":"2014-12-12T12:41:08","guid":{"rendered":"http:\/\/eurotender.hu\/?page_id=29"},"modified":"2019-09-25T21:21:13","modified_gmt":"2019-09-25T20:21:13","slug":"kapcsolat","status":"publish","type":"page","link":"https:\/\/eurotender.hu\/?page_id=29","title":{"rendered":"Kapcsolat"},"content":{"rendered":"<p>\r\nSz\u00e9khely: 6724 Szeged, Kossuth Lajos sgt. 97.\r\n<\/p>\r\n<p>\r\nEmail: info@eurotender.hu\r\n<\/p>\r\n<p>\r\nAd\u00f3sz\u00e1m: 18474660-2-06\r\n<\/p>\r\n<p>\r\nB\u00edr\u00f3s\u00e1gi bejegyz\u00e9s: Pk.60.036\/2005\/2\/I (2005.04.08)\r\n<\/p>","protected":false},"excerpt":{"rendered":"<p>Sz\u00e9khely: 6724 Szeged, Kossuth Lajos sgt. 97. Email: info@eurotender.hu Ad\u00f3sz\u00e1m: 18474660-2-06 B\u00edr\u00f3s\u00e1gi bejegyz\u00e9s: Pk.60.036\/2005\/2\/I (2005.04.08)<\/p>\n","protected":false},"author":1,"featured_media":0,"parent":0,"menu_order":0,"comment_status":"closed","ping_status":"open","template":"","meta":{"footnotes":""},"class_list":["post-29","page","type-page","status-publish","hentry"],"_links":{"self":[{"href":"https:\/\/eurotender.hu\/index.php?rest_route=\/wp\/v2\/pages\/29","targetHints":{"allow":["GET"]}}],"collection":[{"href":"https:\/\/eurotender.hu\/index.php?rest_route=\/wp\/v2\/pages"}],"about":[{"href":"https:\/\/eurotender.hu\/index.php?rest_route=\/wp\/v2\/types\/page"}],"author":[{"embeddable":true,"href":"https:\/\/eurotender.hu\/index.php?rest_route=\/wp\/v2\/users\/1"}],"replies":[{"embeddable":true,"href":"https:\/\/eurotender.hu\/index.php?rest_route=%2Fwp%2Fv2%2Fcomments&post=29"}],"version-history":[{"count":5,"href":"https:\/\/eurotender.hu\/index.php?rest_route=\/wp\/v2\/pages\/29\/revisions"}],"predecessor-version":[{"id":280,"href":"https:\/\/eurotender.hu\/index.php?rest_route=\/wp\/v2\/pages\/29\/revisions\/280"}],"wp:attachment":[{"href":"https:\/\/eurotender.hu\/index.php?rest_route=%2Fwp%2Fv2%2Fmedia&parent=29"}],"curies":[{"name":"wp","href":"https:\/\/api.w.org\/{rel}","templated":true}]}}