{"id":16,"date":"2014-12-10T18:51:05","date_gmt":"2014-12-10T17:51:05","guid":{"rendered":"http:\/\/eurotender.hu\/?page_id=16"},"modified":"2025-04-15T12:57:52","modified_gmt":"2025-04-15T11:57:52","slug":"rolunk","status":"publish","type":"page","link":"https:\/\/eurotender.hu\/","title":{"rendered":"R\u00f3lunk"},"content":{"rendered":"Az Eurotender Egyes\u00fclet c\u00e9lja, hogy hozz\u00e1j\u00e1ruljon az Eur\u00f3pai Uni\u00f3 struktur\u00e1lis politik\u00e1j\u00e1nak siker\u00e9hez a D\u00e9l-Alf\u00f6ld\u00f6n, a t\u00e1rsadalmi \u00e9s gazdas\u00e1gi koh\u00e9zi\u00f3 el\u0151seg\u00edt\u00e9se. \u00c9rdekl\u0151d\u00e9s\u00fcnk kiterjed a r\u00e9gi\u00f3 h\u00e1tr\u00e1nyos helyzetben l\u00e9v\u0151 csoportjainak t\u00e1mogat\u00e1s\u00e1ra, f\u0151k\u00e9nt a kisebbs\u00e9gek, ifj\u00fas\u00e1g, id\u0151sek, n\u0151k, fogyat\u00e9kosok helyzet\u00e9nek jav\u00edt\u00e1s\u00e1ra, \u00e9p\u00edtett \u00e9s term\u00e9szeti k\u00f6rnyezet\u00fcnk \u00e1llapot\u00e1nak meg\u0151rz\u00e9s\u00e9re, az EU szakpolitik\u00e1ival \u00f6sszhangban a fenntarthat\u00f3 fejl\u0151d\u00e9s el\u00e9r\u00e9s\u00e9re.\r\n\r\n&nbsp;\r\n\r\nA fentebb v\u00e1zolt c\u00e9lok el\u00e9r\u00e9s\u00e9ben nagy jelent\u0151s\u00e9get tulajdon\u00edtunk a hat\u00e1r-menti egy\u00fcttm\u0171k\u00f6d\u00e9seknek, valamint a sz\u00e9lesk\u00f6r\u0171 partners\u00e9gnek egy-egy k\u00e9rd\u00e9s megold\u00e1s\u00e1ban. A felv\u00e1zolt tev\u00e9kenys\u00e9ggel az egyes\u00fclet igyekszik a t\u00e9rs\u00e9g t\u00e1rsadalmi, gazdas\u00e1gi, idegenforgalmi fejl\u0151d\u00e9s\u00e9ben seg\u00edts\u00e9get ny\u00fajtani, kultur\u00e1lis \u00e9let\u00e9be bekapcsol\u00f3dni.\r\n\r\n<style type=\"text\/css\">\n#foogallery-gallery-301 .fg-image { width: 270px; }\n#foogallery-gallery-301 { --fg-gutter: 10px; }<\/style>\n\t\t\t<div class=\"foogallery foogallery-container foogallery-default foogallery-lightbox-foogallery fg-center fg-default fg-ready fg-light fg-border-thin fg-shadow-medium fg-loading-default fg-loaded-fade-in fg-preset fg-brad fg-preset-small fg-preset fg-brad fg-preset-small\" id=\"foogallery-gallery-301\" data-foogallery=\"{&quot;item&quot;:{&quot;showCaptionTitle&quot;:true,&quot;showCaptionDescription&quot;:true},&quot;lazy&quot;:true}\" data-foogallery-lightbox=\"{&quot;thumbs&quot;:&quot;bottom&quot;,&quot;thumbsCaptions&quot;:false,&quot;thumbsBestFit&quot;:false,&quot;thumbsSmall&quot;:false,&quot;thumbsCaptionsAlign&quot;:&quot;default&quot;,&quot;info&quot;:&quot;bottom&quot;,&quot;infoVisible&quot;:true,&quot;infoOverlay&quot;:true,&quot;infoAlign&quot;:&quot;default&quot;,&quot;transition&quot;:&quot;fade&quot;,&quot;hoverButtons&quot;:false,&quot;fitMedia&quot;:false,&quot;noScrollbars&quot;:true,&quot;preserveButtonSpace&quot;:true,&quot;buttons&quot;:{&quot;fullscreen&quot;:true,&quot;info&quot;:true,&quot;thumbs&quot;:false},&quot;video&quot;:{&quot;autoPlay&quot;:true}}\" style=\"--fg-title-line-clamp: 1; --fg-description-line-clamp: 2;\" >\n\t<div class=\"fg-item fg-type-image fg-idle\"><figure class=\"fg-item-inner\"><a href=\"https:\/\/eurotender.hu\/wp-content\/uploads\/2014\/12\/infoblokk_kedv_final_felso_cmyk_ESZA.jpg\" data-attachment-id=\"296\" data-type=\"image\" class=\"fg-thumb\"><span class=\"fg-image-wrap\"><img fetchpriority=\"high\" decoding=\"async\" width=\"270\" height=\"230\" class=\"skip-lazy fg-image\" data-src-fg=\"https:\/\/eurotender.hu\/wp-content\/uploads\/cache\/2014\/12\/infoblokk_kedv_final_felso_cmyk_ESZA\/3469675841.jpg\" src=\"data:image\/svg+xml,%3Csvg%20xmlns%3D%22http%3A%2F%2Fwww.w3.org%2F2000%2Fsvg%22%20width%3D%22270%22%20height%3D%22230%22%20viewBox%3D%220%200%20270%20230%22%3E%3C%2Fsvg%3E\" loading=\"eager\"><\/span><span class=\"fg-image-overlay\"><\/span><\/a><\/figure><div class=\"fg-loader\"><\/div><\/div><\/div>\n","protected":false},"excerpt":{"rendered":"<p>Az Eurotender Egyes\u00fclet c\u00e9lja, hogy hozz\u00e1j\u00e1ruljon az Eur\u00f3pai Uni\u00f3 struktur\u00e1lis politik\u00e1j\u00e1nak siker\u00e9hez a D\u00e9l-Alf\u00f6ld\u00f6n, a t\u00e1rsadalmi \u00e9s gazdas\u00e1gi koh\u00e9zi\u00f3 el\u0151seg\u00edt\u00e9se. \u00c9rdekl\u0151d\u00e9s\u00fcnk kiterjed a r\u00e9gi\u00f3 h\u00e1tr\u00e1nyos helyzetben l\u00e9v\u0151 csoportjainak t\u00e1mogat\u00e1s\u00e1ra, f\u0151k\u00e9nt a kisebbs\u00e9gek, ifj\u00fas\u00e1g, id\u0151sek, n\u0151k, fogyat\u00e9kosok helyzet\u00e9nek jav\u00edt\u00e1s\u00e1ra, \u00e9p\u00edtett \u00e9s term\u00e9szeti k\u00f6rnyezet\u00fcnk \u00e1llapot\u00e1nak meg\u0151rz\u00e9s\u00e9re, az EU szakpolitik\u00e1ival \u00f6sszhangban a fenntarthat\u00f3 fejl\u0151d\u00e9s el\u00e9r\u00e9s\u00e9re. &nbsp; A fentebb [&hellip;]<\/p>\n","protected":false},"author":1,"featured_media":0,"parent":0,"menu_order":0,"comment_status":"closed","ping_status":"open","template":"","meta":{"footnotes":""},"class_list":["post-16","page","type-page","status-publish","hentry"],"_links":{"self":[{"href":"https:\/\/eurotender.hu\/index.php?rest_route=\/wp\/v2\/pages\/16","targetHints":{"allow":["GET"]}}],"collection":[{"href":"https:\/\/eurotender.hu\/index.php?rest_route=\/wp\/v2\/pages"}],"about":[{"href":"https:\/\/eurotender.hu\/index.php?rest_route=\/wp\/v2\/types\/page"}],"author":[{"embeddable":true,"href":"https:\/\/eurotender.hu\/index.php?rest_route=\/wp\/v2\/users\/1"}],"replies":[{"embeddable":true,"href":"https:\/\/eurotender.hu\/index.php?rest_route=%2Fwp%2Fv2%2Fcomments&post=16"}],"version-history":[{"count":21,"href":"https:\/\/eurotender.hu\/index.php?rest_route=\/wp\/v2\/pages\/16\/revisions"}],"predecessor-version":[{"id":311,"href":"https:\/\/eurotender.hu\/index.php?rest_route=\/wp\/v2\/pages\/16\/revisions\/311"}],"wp:attachment":[{"href":"https:\/\/eurotender.hu\/index.php?rest_route=%2Fwp%2Fv2%2Fmedia&parent=16"}],"curies":[{"name":"wp","href":"https:\/\/api.w.org\/{rel}","templated":true}]}}